{"id":26,"date":"2017-02-14T13:46:44","date_gmt":"2017-02-14T12:46:44","guid":{"rendered":"http:\/\/praincel.com\/?page_id=26"},"modified":"2020-01-03T16:26:28","modified_gmt":"2020-01-03T15:26:28","slug":"a-propos-de","status":"publish","type":"page","link":"https:\/\/praincel.com\/index.php\/a-propos-de\/","title":{"rendered":"\u00c0 propos de"},"content":{"rendered":"<p>Praincel est un petit atelier o\u00f9 l&#8217;on fabrique des chocolats et des confiseries de mani\u00e8re artisanale. Il est situ\u00e9 \u00e0\u00a0Elne dans les Pyr\u00e9n\u00e9es-Orientales, \u00e0 une dizaine de kilom\u00e8tres au sud de Perpignan.<\/p>\n","protected":false},"excerpt":{"rendered":"<p>Praincel est un petit atelier o\u00f9 l&#8217;on fabrique des chocolats et des confiseries de mani\u00e8re artisanale. Il est situ\u00e9 \u00e0\u00a0Elne dans les Pyr\u00e9n\u00e9es-Orientales, \u00e0 une dizaine de kilom\u00e8tres au sud de Perpignan.<\/p>\n","protected":false},"author":1,"featured_media":58,"parent":0,"menu_order":0,"comment_status":"closed","ping_status":"closed","template":"","meta":[],"_links":{"self":[{"href":"https:\/\/praincel.com\/index.php\/wp-json\/wp\/v2\/pages\/26"}],"collection":[{"href":"https:\/\/praincel.com\/index.php\/wp-json\/wp\/v2\/pages"}],"about":[{"href":"https:\/\/praincel.com\/index.php\/wp-json\/wp\/v2\/types\/page"}],"author":[{"embeddable":true,"href":"https:\/\/praincel.com\/index.php\/wp-json\/wp\/v2\/users\/1"}],"replies":[{"embeddable":true,"href":"https:\/\/praincel.com\/index.php\/wp-json\/wp\/v2\/comments?post=26"}],"version-history":[{"count":5,"href":"https:\/\/praincel.com\/index.php\/wp-json\/wp\/v2\/pages\/26\/revisions"}],"predecessor-version":[{"id":115,"href":"https:\/\/praincel.com\/index.php\/wp-json\/wp\/v2\/pages\/26\/revisions\/115"}],"wp:featuredmedia":[{"embeddable":true,"href":"https:\/\/praincel.com\/index.php\/wp-json\/wp\/v2\/media\/58"}],"wp:attachment":[{"href":"https:\/\/praincel.com\/index.php\/wp-json\/wp\/v2\/media?parent=26"}],"curies":[{"name":"wp","href":"https:\/\/api.w.org\/{rel}","templated":true}]}}